{"id":5870,"date":"2025-09-01T02:35:13","date_gmt":"2025-09-01T00:35:13","guid":{"rendered":"https:\/\/cict-ci.com\/rhythmv3\/\/?page_id=5870"},"modified":"2025-09-01T03:11:43","modified_gmt":"2025-09-01T01:11:43","slug":"offres-d-emploi","status":"publish","type":"page","link":"https:\/\/cict-ci.com\/rhythmv3\/offres-d-emploi\/","title":{"rendered":"Offres d&#8217;emploi"},"content":{"rendered":"<div class=\"wpb-content-wrapper\"><div class=\"vc_row wpb_row vc_row-fluid\"><div class=\"wpb_column vc_column_container vc_col-sm-12\"><div class=\"vc_column-inner\"><div class=\"wpb_wrapper\"><div class=\"ult-spacer spacer-69dbd08931e6c\" data-id=\"69dbd08931e6c\" data-height=\"50\" data-height-mobile=\"25\" data-height-tab=\"\" data-height-tab-portrait=\"40\" data-height-mobile-landscape=\"25\" style=\"clear:both;display:block;\"><\/div><\/div><\/div><\/div><\/div><div class=\"vc_row wpb_row vc_row-fluid wide-ipad\"><div data-splitting=\"lines\" class=\"wpb_animate_when_almost_visible wpb_linesAnimIn linesAnimIn wpb_column vc_column_container vc_col-sm-12\"><div class=\"vc_column-inner\"><div class=\"wpb_wrapper\"><h2 style=\"color: #111111;text-align: center\" class=\"vc_custom_heading vc_do_custom_heading\" >Nos Offres d\u2019Emploi<\/h2><div class=\"ult-spacer spacer-69dbd08932c4f\" data-id=\"69dbd08932c4f\" data-height=\"25\" data-height-mobile=\"20\" data-height-tab=\"20\" data-height-tab-portrait=\"30\" data-height-mobile-landscape=\"30\" style=\"clear:both;display:block;\"><\/div><\/div><\/div><\/div><\/div><div class=\"vc_row wpb_row vc_row-fluid\"><div class=\"wpb_column vc_column_container vc_col-sm-12\"><div class=\"vc_column-inner\"><div class=\"wpb_wrapper\"><div class=\"ult-spacer spacer-69dbd0893308f\" data-id=\"69dbd0893308f\" data-height=\"50\" data-height-mobile=\"30\" data-height-tab=\"\" data-height-tab-portrait=\"50\" data-height-mobile-landscape=\"30\" style=\"clear:both;display:block;\"><\/div><\/div><\/div><\/div><\/div><div class=\"vc_row wpb_row vc_row-fluid wide-ipad small-padding-mobile\"><div class=\"mobile-no-animation wpb_animate_when_almost_visible wpb_scalexIn scalexIn wpb_column vc_column_container vc_col-sm-12\"><div class=\"vc_column-inner\"><div class=\"wpb_wrapper\"><div class=\"job_listings\" data-location=\"\" data-keywords=\"\" data-show_filters=\"true\" data-show_pagination=\"true\" data-per_page=\"10\" data-orderby=\"featured\" data-order=\"DESC\" data-categories=\"\" data-disable-form-state-storage=\"\" data-featured_first=\"false\" data-post_id=\"5870\" >\n<form class=\"job_filters\">\n\t\n\t<div class=\"search_jobs\">\n\t\t\n\t\t<div class=\"search_keywords\">\n\t\t\t<label for=\"search_keywords\">Mots-cl\u00e9s<\/label>\n\t\t\t<input type=\"text\" name=\"search_keywords\" id=\"search_keywords\" placeholder=\"Mots-cl\u00e9s\" value=\"\" \/>\n\t\t<\/div>\n\n\t\t<div class=\"search_location\">\n\t\t\t<label for=\"search_location\">Localisation<\/label>\n\t\t\t<input type=\"text\" name=\"search_location\" id=\"search_location\" placeholder=\"Localisation\" value=\"\" \/>\n\t\t<\/div>\n\n\t\t\n\t\t<div style=\"clear: both\"><\/div>\n\n\t\t\n\t\t\t\t\t<div class=\"search_submit\">\n\t\t\t\t<input type=\"submit\" value=\"Rechercher des offres d\u2019emploi\">\n\t\t\t<\/div>\n\t\t\n\t\t\t<\/div>\n\n\t\t<ul class=\"job_types\">\n\t\t\t\t\t<li><label for=\"job_type_cdd\" class=\"cdd\"><input type=\"checkbox\" name=\"filter_job_type[]\" value=\"cdd\"  checked='checked' id=\"job_type_cdd\" \/> CDD<\/label><\/li>\n\t\t\t\t\t<li><label for=\"job_type_cdi\" class=\"cdi\"><input type=\"checkbox\" name=\"filter_job_type[]\" value=\"cdi\"  checked='checked' id=\"job_type_cdi\" \/> CDI<\/label><\/li>\n\t\t\t\t\t<li><label for=\"job_type_freelance\" class=\"freelance\"><input type=\"checkbox\" name=\"filter_job_type[]\" value=\"freelance\"  checked='checked' id=\"job_type_freelance\" \/> Freelance<\/label><\/li>\n\t\t\t\t\t<li><label for=\"job_type_stage\" class=\"stage\"><input type=\"checkbox\" name=\"filter_job_type[]\" value=\"stage\"  checked='checked' id=\"job_type_stage\" \/> Stage<\/label><\/li>\n\t\t\t<\/ul>\n\t<input type=\"hidden\" name=\"filter_job_type[]\" value=\"\" \/>\n<div class=\"showing_jobs\"><\/div><\/form>\n\n\n<noscript>Votre navigateur ne supporte pas JavaScript, ou bien JavaScript est d\u00e9sactiv\u00e9. JavaScript doit \u00eatre activ\u00e9 pour pouvoir visualiser des postes.<\/noscript>\n<ul class=\"job_listings\">\n<\/ul>\n<dialog class=\"jm-dialog\" id=\"jm_add_alert_modal\">\n\t<div class=\"jm-dialog-open\">\n\t\t<div class=\"jm-dialog-backdrop\" onclick=\"jm_add_alert_modal.close()\"><\/div>\n\t\t<div class=\"jm-dialog-modal \" style=\"width: 500px;\">\n\t\t\t<div class=\"jm-dialog-modal-container\">\n\t\t\t\t<div class=\"jm-dialog-modal-content\">\n<div class=\"jm-notice has-header\" role=\"status\">\n\t\t\t<div class=\"jm-notice__header\">\n\t\t\t\t\t\t<div class=\"jm-notice__title\">Ajouter une alerte<\/div>\n\t\t<\/div>\n\t\t\t\t\t<div class=\"jm-notice__details\">\n<form method=\"post\" class=\"jm-form\" action=\"https:\/\/cict-ci.com\/rhythmv3\/offres-d-emploi\/\" method=\"post\">\n\t<input type=\"hidden\" id=\"_wpnonce\" name=\"_wpnonce\" value=\"c20774c50b\" \/><input type=\"hidden\" name=\"_wp_http_referer\" value=\"\/rhythmv3\/wp-json\/wp\/v2\/pages\/5870\" \/>\t<input type=\"hidden\" name=\"submit-job-alert\" value=\"1\" \/>\n\t<div class=\"jm-form-large-field job-alert-keyword\">Mot-cl\u00e9<\/div>\n\t<div class=\"job-alert-search-terms\" hidden><\/div>\n\n\t\n\t\t<p>Recevez des e-mails \u00e0 propos des nouvelles annonces correspondant \u00e0 cette recherche.<\/p>\n\t\t<div class=\"jm-form-field\">\n\t\t\t<input type=\"email\" name=\"alert_email\" required autocomplete=\"email\"\n\t\t\t\tplaceholder=\"Adresse e-mail\"\n\t\t\t\taria-label=\"Adresse e-mail\" \/>\n\t\t<\/div>\n\t\n\n\t<div class=\"\">\n\t\t<label for=\"alert_frequency\">Fr\u00e9quence\u00a0: <\/label>\n\t\t<select name=\"alert_frequency\" id=\"alert_frequency\" class=\"jm-form-input--inline\"><option\n\t\t\t\t\tvalue=\"daily\" >Quotidien<\/option><option\n\t\t\t\t\tvalue=\"weekly\" >Hebdomadaire<\/option><option\n\t\t\t\t\tvalue=\"fortnightly\" >Bimensuel<\/option><option\n\t\t\t\t\tvalue=\"monthly\" >Mensuellement<\/option><\/select>\t<\/div>\n\n\t<div class=\"jm-form-field jm-form-fine-print\">\n\t\t\t\n\t\t\t\t<input type=\"checkbox\" class=\"input-checkbox\" name=\"alert_permission\" id=\"alert_permission\"\n\t\t\t\t\tvalue=\"1\" required  \/>\n\t\t\t\t<label for=\"alert_permission\">\n\t\t\t\tJ\u2019accepte de recevoir des e-mails d\u2019alerte d\u2019emploi.\n\t\t\t\t<\/label>\n\t<\/div>\n\n\t<input type=\"hidden\" name=\"submit-job-alert\" value=\"1\" \/>\n\t<input type=\"submit\" hidden \/>\n\n\t<div class=\"jm-ui-actions jm-ui-actions-row\">\n\t\t<a href=\"#\" class=\"jm-ui-button\"\n\t\t\t\t\t\tonclick=\"this.closest('form').querySelector('input[type=submit]').click(); return false;\"><span>Je m\u2019abonne<\/span><\/a>\n\t\t<a href=\"#\" class=\"jm-ui-button--link\"\n\t\t\tonclick=\"jm_add_alert_modal.close(); event.preventDefault();\">Annuler<\/a>\n\t<\/div>\n<\/form>\n<\/div>\n\t\t<\/div>\n<\/div>\n\t\t\t\t<a href=\"#\" role=\"button\" class=\"jm-ui-button--icon jm-dialog-close\" onclick=\"jm_add_alert_modal.close();  event.preventDefault();\" aria-label=\"Close\"><span class=\"jm-ui-button__icon\"><\/span><\/a>\n\t\t\t<\/div>\n\t\t<\/div>\n\t<\/div>\n<\/dialog><\/div><\/div><\/div><\/div><\/div><!-- Row Backgrounds --><div class=\"upb_color\" data-bg-override=\"ex-full\" data-bg-color=\"#ffffff\" data-fadeout=\"\" data-fadeout-percentage=\"30\" data-parallax-content=\"\" data-parallax-content-sense=\"30\" data-row-effect-mobile-disable=\"true\" data-img-parallax-mobile-disable=\"true\" data-rtl=\"false\"  data-custom-vc-row=\"\"  data-vc=\"8.5\"  data-is_old_vc=\"\"  data-theme-support=\"\"   data-overlay=\"false\" data-overlay-color=\"\" data-overlay-pattern=\"\" data-overlay-pattern-opacity=\"\" data-overlay-pattern-size=\"\"    ><\/div><div class=\"vc_row wpb_row vc_row-fluid\"><div class=\"wpb_column vc_column_container vc_col-sm-12\"><div class=\"vc_column-inner\"><div class=\"wpb_wrapper\"><div class=\"ult-spacer spacer-69dbd089358fb\" data-id=\"69dbd089358fb\" data-height=\"100\" data-height-mobile=\"50\" data-height-tab=\"\" data-height-tab-portrait=\"80\" data-height-mobile-landscape=\"50\" style=\"clear:both;display:block;\"><\/div><\/div><\/div><\/div><\/div>\n<\/div>","protected":false},"excerpt":{"rendered":"Nos Offres d\u2019Emploi Mots-cl\u00e9s Localisation CDD CDI Freelance Stage Votre navigateur ne supporte pas JavaScript, ou bien JavaScript est d\u00e9sactiv\u00e9. [...]","protected":false},"author":1,"featured_media":0,"parent":0,"menu_order":0,"comment_status":"closed","ping_status":"closed","template":"page.php","meta":{"footnotes":""},"class_list":["post-5870","page","type-page","status-publish","hentry"],"yoast_head":"<!-- This site is optimized with the Yoast SEO plugin v25.7 - https:\/\/yoast.com\/wordpress\/plugins\/seo\/ -->\n<title>Offres d&#039;emploi - Mayelia Participation<\/title>\n<meta name=\"robots\" content=\"index, follow, max-snippet:-1, max-image-preview:large, max-video-preview:-1\" \/>\n<link rel=\"canonical\" href=\"https:\/\/cict-ci.com\/rhythmv3\/offres-d-emploi\/\" \/>\n<meta property=\"og:locale\" content=\"fr_FR\" \/>\n<meta property=\"og:type\" content=\"article\" \/>\n<meta property=\"og:title\" content=\"Offres d&#039;emploi - Mayelia Participation\" \/>\n<meta property=\"og:url\" content=\"https:\/\/cict-ci.com\/rhythmv3\/offres-d-emploi\/\" \/>\n<meta property=\"og:site_name\" content=\"Mayelia Participation\" \/>\n<meta property=\"article:modified_time\" content=\"2025-09-01T01:11:43+00:00\" \/>\n<meta name=\"twitter:card\" content=\"summary_large_image\" \/>\n<meta name=\"twitter:label1\" content=\"Dur\u00e9e de lecture estim\u00e9e\" \/>\n\t<meta name=\"twitter:data1\" content=\"1 minute\" \/>\n<script type=\"application\/ld+json\" class=\"yoast-schema-graph\">{\"@context\":\"https:\/\/schema.org\",\"@graph\":[{\"@type\":\"WebPage\",\"@id\":\"https:\/\/cict-ci.com\/rhythmv3\/offres-d-emploi\/\",\"url\":\"https:\/\/cict-ci.com\/rhythmv3\/offres-d-emploi\/\",\"name\":\"Offres d'emploi - Mayelia Participation\",\"isPartOf\":{\"@id\":\"https:\/\/cict-ci.com\/rhythmv3\/#website\"},\"datePublished\":\"2025-09-01T00:35:13+00:00\",\"dateModified\":\"2025-09-01T01:11:43+00:00\",\"breadcrumb\":{\"@id\":\"https:\/\/cict-ci.com\/rhythmv3\/offres-d-emploi\/#breadcrumb\"},\"inLanguage\":\"fr-FR\",\"potentialAction\":[{\"@type\":\"ReadAction\",\"target\":[\"https:\/\/cict-ci.com\/rhythmv3\/offres-d-emploi\/\"]}]},{\"@type\":\"BreadcrumbList\",\"@id\":\"https:\/\/cict-ci.com\/rhythmv3\/offres-d-emploi\/#breadcrumb\",\"itemListElement\":[{\"@type\":\"ListItem\",\"position\":1,\"name\":\"Home\",\"item\":\"https:\/\/cict-ci.com\/rhythmv3\/\"},{\"@type\":\"ListItem\",\"position\":2,\"name\":\"Offres d&#8217;emploi\"}]},{\"@type\":\"WebSite\",\"@id\":\"https:\/\/cict-ci.com\/rhythmv3\/#website\",\"url\":\"https:\/\/cict-ci.com\/rhythmv3\/\",\"name\":\"Mayelia Participation\",\"description\":\"Mayelia Participation\",\"potentialAction\":[{\"@type\":\"SearchAction\",\"target\":{\"@type\":\"EntryPoint\",\"urlTemplate\":\"https:\/\/cict-ci.com\/rhythmv3\/?s={search_term_string}\"},\"query-input\":{\"@type\":\"PropertyValueSpecification\",\"valueRequired\":true,\"valueName\":\"search_term_string\"}}],\"inLanguage\":\"fr-FR\"}]}<\/script>\n<!-- \/ Yoast SEO plugin. -->","yoast_head_json":{"title":"Offres d'emploi - Mayelia Participation","robots":{"index":"index","follow":"follow","max-snippet":"max-snippet:-1","max-image-preview":"max-image-preview:large","max-video-preview":"max-video-preview:-1"},"canonical":"https:\/\/cict-ci.com\/rhythmv3\/offres-d-emploi\/","og_locale":"fr_FR","og_type":"article","og_title":"Offres d'emploi - Mayelia Participation","og_url":"https:\/\/cict-ci.com\/rhythmv3\/offres-d-emploi\/","og_site_name":"Mayelia Participation","article_modified_time":"2025-09-01T01:11:43+00:00","twitter_card":"summary_large_image","twitter_misc":{"Dur\u00e9e de lecture estim\u00e9e":"1 minute"},"schema":{"@context":"https:\/\/schema.org","@graph":[{"@type":"WebPage","@id":"https:\/\/cict-ci.com\/rhythmv3\/offres-d-emploi\/","url":"https:\/\/cict-ci.com\/rhythmv3\/offres-d-emploi\/","name":"Offres d'emploi - Mayelia Participation","isPartOf":{"@id":"https:\/\/cict-ci.com\/rhythmv3\/#website"},"datePublished":"2025-09-01T00:35:13+00:00","dateModified":"2025-09-01T01:11:43+00:00","breadcrumb":{"@id":"https:\/\/cict-ci.com\/rhythmv3\/offres-d-emploi\/#breadcrumb"},"inLanguage":"fr-FR","potentialAction":[{"@type":"ReadAction","target":["https:\/\/cict-ci.com\/rhythmv3\/offres-d-emploi\/"]}]},{"@type":"BreadcrumbList","@id":"https:\/\/cict-ci.com\/rhythmv3\/offres-d-emploi\/#breadcrumb","itemListElement":[{"@type":"ListItem","position":1,"name":"Home","item":"https:\/\/cict-ci.com\/rhythmv3\/"},{"@type":"ListItem","position":2,"name":"Offres d&#8217;emploi"}]},{"@type":"WebSite","@id":"https:\/\/cict-ci.com\/rhythmv3\/#website","url":"https:\/\/cict-ci.com\/rhythmv3\/","name":"Mayelia Participation","description":"Mayelia Participation","potentialAction":[{"@type":"SearchAction","target":{"@type":"EntryPoint","urlTemplate":"https:\/\/cict-ci.com\/rhythmv3\/?s={search_term_string}"},"query-input":{"@type":"PropertyValueSpecification","valueRequired":true,"valueName":"search_term_string"}}],"inLanguage":"fr-FR"}]}},"_links":{"self":[{"href":"https:\/\/cict-ci.com\/rhythmv3\/wp-json\/wp\/v2\/pages\/5870","targetHints":{"allow":["GET"]}}],"collection":[{"href":"https:\/\/cict-ci.com\/rhythmv3\/wp-json\/wp\/v2\/pages"}],"about":[{"href":"https:\/\/cict-ci.com\/rhythmv3\/wp-json\/wp\/v2\/types\/page"}],"author":[{"embeddable":true,"href":"https:\/\/cict-ci.com\/rhythmv3\/wp-json\/wp\/v2\/users\/1"}],"replies":[{"embeddable":true,"href":"https:\/\/cict-ci.com\/rhythmv3\/wp-json\/wp\/v2\/comments?post=5870"}],"version-history":[{"count":5,"href":"https:\/\/cict-ci.com\/rhythmv3\/wp-json\/wp\/v2\/pages\/5870\/revisions"}],"predecessor-version":[{"id":5872,"href":"https:\/\/cict-ci.com\/rhythmv3\/wp-json\/wp\/v2\/pages\/5870\/revisions\/5872"}],"wp:attachment":[{"href":"https:\/\/cict-ci.com\/rhythmv3\/wp-json\/wp\/v2\/media?parent=5870"}],"curies":[{"name":"wp","href":"https:\/\/api.w.org\/{rel}","templated":true}]}}